{"id":2548,"date":"2013-09-17T12:47:07","date_gmt":"2013-09-17T12:47:07","guid":{"rendered":"http:\/\/demo.zeotheory.com\/avien\/?page_id=2548"},"modified":"2020-07-16T10:25:22","modified_gmt":"2020-07-16T10:25:22","slug":"kontakt","status":"publish","type":"page","link":"https:\/\/oko-optyk.pl\/","title":{"rendered":"Kontakt"},"content":{"rendered":"\n<div style=\"background-color: ; background-image: url();\" class=\"main-row wpb_row vc_row-fluid        \">\n\t<div class=\"vc_span8 wpb_column column_container\">\n\t\t<div class=\"wpb_wrapper\">\n\t\t\t\n\t<div class=\"wpb_text_column wpb_content_element \">\n\t\t<div class=\"wpb_wrapper\">\n\t\t\t<p><iframe loading=\"lazy\" style=\"border: 0;\" src=\"https:\/\/www.google.com\/maps\/embed?pb=!1m18!1m12!1m3!1d2564.4391937352348!2d19.866468315486586!3d50.00312282737677!2m3!1f0!2f0!3f0!3m2!1i1024!2i768!4f13.1!3m3!1m2!1s0x47165dba4467705f%3A0x8d4d5658753067c1!2sSkotnicka+230%2C+30-394+Krak%C3%B3w!5e0!3m2!1spl!2spl!4v1518125592836\" allowfullscreen=\"allowfullscreen\" width=\"100%\" height=\"250\" frameborder=\"0\"><\/iframe><br \/><small><a style=\"color: red; text-align: right; font-weight: bold;\" href=\"https:\/\/maps.google.com\/maps?source=embed&amp;f=d&amp;saddr=50.027442,+19.963891&amp;daddr=&amp;hl=pl&amp;geocode=&amp;mra=ls&amp;doflg=ptk&amp;sll=50.027028,19.966493&amp;sspn=0.007609,0.01929&amp;ie=UTF8&amp;ll=50.027028,19.966493&amp;spn=0.009567,0.032401&amp;t=m\">Wy\u015bwietl wi\u0119ksz\u0105 map\u0119<\/a><\/small><\/p>\n\n\t\t<\/div> \n\t<\/div> \n\t<div class=\"wpb_text_column wpb_content_element \">\n\t\t<div class=\"wpb_wrapper\">\n\t\t\t<h3>Napisz do nas!<\/h3>\n<p>Masz pytania, wype\u0142nij formularz i popro\u015b o kontakt.<\/p>\n\n\t\t<\/div> \n\t<\/div> \n\t<div class=\"wpb_text_column wpb_content_element \">\n\t\t<div class=\"wpb_wrapper\">\n\t\t\t<div role=\"form\" class=\"wpcf7\" id=\"wpcf7-f7-o1\" lang=\"pl-PL\" dir=\"ltr\">\n<div class=\"screen-reader-response\"><p role=\"status\" aria-live=\"polite\" aria-atomic=\"true\"><\/p> <ul><\/ul><\/div>\n<form action=\"\/index.php?rest_route=%2Fwp%2Fv2%2Fpages%2F2548#wpcf7-f7-o1\" method=\"post\" class=\"wpcf7-form init\" novalidate=\"novalidate\" data-status=\"init\">\n<div style=\"display: none;\">\n<input type=\"hidden\" name=\"_wpcf7\" value=\"7\" \/>\n<input type=\"hidden\" name=\"_wpcf7_version\" value=\"5.5.6.1\" \/>\n<input type=\"hidden\" name=\"_wpcf7_locale\" value=\"pl_PL\" \/>\n<input type=\"hidden\" name=\"_wpcf7_unit_tag\" value=\"wpcf7-f7-o1\" \/>\n<input type=\"hidden\" name=\"_wpcf7_container_post\" value=\"0\" \/>\n<input type=\"hidden\" name=\"_wpcf7_posted_data_hash\" value=\"\" \/>\n<\/div>\n<p>Imi\u0119 i nazwisko (wymagane)<br \/>\n    <span class=\"wpcf7-form-control-wrap your-name\"><input type=\"text\" name=\"your-name\" value=\"\" size=\"40\" class=\"wpcf7-form-control wpcf7-text wpcf7-validates-as-required\" aria-required=\"true\" aria-invalid=\"false\" \/><\/span> <\/p>\n<p>Adres email (wymagane)<br \/>\n    <span class=\"wpcf7-form-control-wrap your-email\"><input type=\"email\" name=\"your-email\" value=\"\" size=\"40\" class=\"wpcf7-form-control wpcf7-text wpcf7-email wpcf7-validates-as-required wpcf7-validates-as-email\" aria-required=\"true\" aria-invalid=\"false\" \/><\/span> <\/p>\n<p>Temat<br \/>\n    <span class=\"wpcf7-form-control-wrap your-subject\"><input type=\"text\" name=\"your-subject\" value=\"\" size=\"40\" class=\"wpcf7-form-control wpcf7-text\" aria-invalid=\"false\" \/><\/span> <\/p>\n<p>Tre\u015b\u0107 wiadomo\u015bci<br \/>\n    <span class=\"wpcf7-form-control-wrap your-message\"><textarea name=\"your-message\" cols=\"40\" rows=\"10\" class=\"wpcf7-form-control wpcf7-textarea\" aria-invalid=\"false\"><\/textarea><\/span> <\/p>\n<p><input type=\"submit\" value=\"Wy\u015blij\" class=\"wpcf7-form-control has-spinner wpcf7-submit\" \/><\/p>\n<div class=\"wpcf7-response-output\" aria-hidden=\"true\"><\/div><\/form><\/div>\n\n\t\t<\/div> \n\t<\/div> \n\t\t<\/div> \n\t<\/div> \n\n\t<div class=\"vc_span4 wpb_column column_container\">\n\t\t<div class=\"wpb_wrapper\">\n\t\t\t\n\t<div class=\"wpb_tabs wpb_content_element\" data-interval=\"0\">\n\t\t<div class=\"wpb_wrapper wpb_tour_tabs_wrapper ui-tabs clearfix\">\n\t\t\t<ul class=\"wpb_tabs_nav ui-tabs-nav clearfix\"><li><a href=\"#tab-1380623590-1-59\">Salon<\/a><\/li><li><a href=\"#tab-1395774581610-2-2\">Godziny otwarcia<\/a><\/li><li><a href=\"#tab-1395775347638-3-5\">Kontakt<\/a><\/li><\/ul>\n\n\t\t\t\n\t\t\t<div id=\"tab-1380623590-1-59\" class=\"wpb_tab ui-tabs-panel wpb_ui-tabs-hide clearfix\">\n\t\t\t\t\n\t<div class=\"wpb_text_column wpb_content_element \">\n\t\t<div class=\"wpb_wrapper\">\n\t\t\t<p>Salon OKO-OPTYK<br \/>ul. Skotnicka 230A<br \/>Krak\u00f3w<\/p>\n<p><a href=\"https:\/\/swroza.pl\/\">Szpital \u015bw.R\u00f3\u017cy<\/a><\/p>\n<p>&nbsp;<\/p>\n\n\t\t<\/div> \n\t<\/div> <div class=\"wpb_separator wpb_content_element\"><\/div>\n\n\t\t\t<\/div> \n\t\t\t<div id=\"tab-1395774581610-2-2\" class=\"wpb_tab ui-tabs-panel wpb_ui-tabs-hide clearfix\">\n\t\t\t\t\n\t<div class=\"wpb_text_column wpb_content_element \">\n\t\t<div class=\"wpb_wrapper\">\n\t\t\t<p>Pn-Pt: 10-18<\/p>\n<p>Sb\/Nd: Nieczynne<\/p>\n\n\t\t<\/div> \n\t<\/div> \n\t\t\t<\/div>\n<div id=\"tab-1395775347638-3-5\" class=\"wpb_tab ui-tabs-panel wpb_ui-tabs-hide clearfix\">\n\t\t\t\t\n\t<div class=\"wpb_text_column wpb_content_element \">\n\t\t<div class=\"wpb_wrapper\">\n\t\t\t<p>tel:&nbsp; +48 605-989-665<br \/>tel:&nbsp; +48 506-718-622<\/p>\n<p>&nbsp;<\/p>\n<p>biuro@oko-optyk.pl<\/p>\n\n\t\t<\/div> \n\t<\/div> \n\t\t\t<\/div> \n\t\t<\/div> \n\t<\/div> \n\t\t<\/div> \n\t<\/div> \n<\/div><div style=\"background-color: ; background-image: url();\" class=\"main-row wpb_row vc_row-fluid        \">\n\t<div class=\"vc_span12 wpb_column column_container\">\n\t\t<div class=\"wpb_wrapper\">\n\t\t\t<div class=\"vc_text_separator wpb_content_element separator_align_center\"><div>Nowy salon<\/div><\/div>\n\n\t\t<\/div> \n\t<\/div> \n<\/div>\n","protected":false},"excerpt":{"rendered":"Wy\u015bwietl wi\u0119ksz\u0105 map\u0119 Napisz do nas! Masz pytania, wype\u0142nij formularz i popro\u015b o kontakt. Imi\u0119 i nazwisko (wymagane) Adres email (wymagane) Temat Tre\u015b\u0107 wiadomo\u015bci SalonGodziny otwarciaKontakt Salon OKO-OPTYKul. Skotnicka 230AKrak\u00f3w Szpital \u015bw.R\u00f3\u017cy &nbsp; Pn-Pt: 10-18 Sb\/Nd: Nieczynne tel:&nbsp; +48 605-989-665tel:&nbsp; +48 506-718-622 &nbsp; biuro@oko-optyk.pl Nowy salon","protected":false},"author":3,"featured_media":0,"parent":0,"menu_order":0,"comment_status":"closed","ping_status":"closed","template":"","meta":[],"_links":{"self":[{"href":"https:\/\/oko-optyk.pl\/index.php?rest_route=\/wp\/v2\/pages\/2548"}],"collection":[{"href":"https:\/\/oko-optyk.pl\/index.php?rest_route=\/wp\/v2\/pages"}],"about":[{"href":"https:\/\/oko-optyk.pl\/index.php?rest_route=\/wp\/v2\/types\/page"}],"author":[{"embeddable":true,"href":"https:\/\/oko-optyk.pl\/index.php?rest_route=\/wp\/v2\/users\/3"}],"replies":[{"embeddable":true,"href":"https:\/\/oko-optyk.pl\/index.php?rest_route=%2Fwp%2Fv2%2Fcomments&post=2548"}],"version-history":[{"count":37,"href":"https:\/\/oko-optyk.pl\/index.php?rest_route=\/wp\/v2\/pages\/2548\/revisions"}],"predecessor-version":[{"id":4768,"href":"https:\/\/oko-optyk.pl\/index.php?rest_route=\/wp\/v2\/pages\/2548\/revisions\/4768"}],"wp:attachment":[{"href":"https:\/\/oko-optyk.pl\/index.php?rest_route=%2Fwp%2Fv2%2Fmedia&parent=2548"}],"curies":[{"name":"wp","href":"https:\/\/api.w.org\/{rel}","templated":true}]}}