{"id":4478,"date":"2014-03-25T19:25:03","date_gmt":"2014-03-25T19:25:03","guid":{"rendered":"http:\/\/server294983.nazwa.pl\/oko-optyk\/?page_id=4478"},"modified":"2015-02-27T07:23:02","modified_gmt":"2015-02-27T07:23:02","slug":"oferta","status":"publish","type":"page","link":"https:\/\/oko-optyk.pl\/?page_id=4478","title":{"rendered":"Oferta"},"content":{"rendered":"<div style=\"background-color: ; background-image: url();\" class=\"main-row wpb_row vc_row-fluid  full-width      row-large\">\n\t<div class=\"vc_span6 wpb_column column_container\">\n\t\t<div class=\"wpb_wrapper\">\n\t\t\t\n\t<div class=\"wpb_text_column wpb_content_element  wpb_animate_when_almost_visible wpb_left-to-right\">\n\t\t<div class=\"wpb_wrapper\">\n\t\t\t<h2 style=\"text-align: left;\">Soczewki biurowe!<\/h2>\n<p>Soczewki <b>biurowe<\/b> do bli\u017cy i odleg\u0142o\u015bci po\u015brednich znajduj\u0105 zastosowanie wewn\u0105trz pomieszcze\u0144, oferuj\u0105c wyj\u0105tkowy komfort u\u017cytkowania podczas takich czynno\u015bci jak czytanie, czy praca przy komputerze. Specjalna konstrukcja zapewnia du\u017cy zasi\u0119g i wyj\u0105tkowo szerokie strefy widzenia w bli\u017cy. Soczewki eliminuj\u0105 konieczno\u015b\u0107 cz\u0119stej zmiany pozycji g\u0142owy i chroni\u0105 oczy przed zm\u0119czeniem. Polecane s\u0105 do zaj\u0119\u0107 wymagaj\u0105cych wi\u0119kszego zasi\u0119gu widzenia ni\u017c w tradycyjnych soczewkach do bli\u017cy.<\/p>\n<p style=\"text-align: left;\"><a href=\"http:\/\/server294983.nazwa.pl\/oko-optyk\/oferta\/soczewki-biurowe\/\"  class=\"button \">Wi\u0119cej szczeg\u00f3\u0142\u00f3w<\/a>\u00a0\u00a0 <a href=\"http:\/\/server294983.nazwa.pl\/oko-optyk\/kontakt\/\" style=\"background: #50575E !important;\" class=\"button \">Um\u00f3w wizyt\u0119<\/a><\/p>\n\n\t\t<\/div> \n\t<\/div> \n\t\t<\/div> \n\t<\/div> \n\n\t<div class=\"vc_span6 wpb_column column_container\">\n\t\t<div class=\"wpb_wrapper\">\n\t\t\t\n\t<div class=\"wpb_single_image wpb_content_element wpb_animate_when_almost_visible wpb_right-to-left vc_align_left\">\n\t\t<div class=\"wpb_wrapper\">\n\t\t\t\n\t\t\t<img width=\"477\" height=\"261\" src=\"https:\/\/oko-optyk.pl\/wp-content\/uploads\/2013\/09\/para-1.jpg\" class=\"attachment-full size-full\" alt=\"\" loading=\"lazy\" srcset=\"https:\/\/oko-optyk.pl\/wp-content\/uploads\/2013\/09\/para-1.jpg 477w, https:\/\/oko-optyk.pl\/wp-content\/uploads\/2013\/09\/para-1-300x164.jpg 300w\" sizes=\"(max-width: 477px) 100vw, 477px\" \/>\n\t\t<\/div> \n\t<\/div> \n\t\t<\/div> \n\t<\/div> \n<\/div><div style=\"background-color: #ffffff; background-image: url();\" class=\"main-row wpb_row vc_row-fluid  full-width   margin-top-0 padding-bottom-0    row-large\">\n\t<div class=\"vc_span12 wpb_column column_container\">\n\t\t<div class=\"wpb_wrapper\">\n\t\t\t<div class='vc-timeline '>\n    \t\t\t<div class='vc-timeline-icon' style='background-color: #51bab6'>\n    \t\t\t\t<i style='color: #ffffff' class='fa fa-fa-circle'><\/i>\n    \t\t\t<\/div>\n    \t\t\t<div class='vc-timeline-line'><\/div>\n    \t\t\t<div class='vc-timeline-content'><\/p>\n<h3>Soczewki jednoogniskowe<\/h3>\n<p>S\u0142u\u017c\u0105 do korekcji jednej wady wzroku: kr\u00f3tkowzroczno\u015bci (soczewki ujemne) lub nadwzroczno\u015bci (soczewki dodatnie). Okulary z tego typu soczewkami mog\u0105 by\u0107 wykorzystywane przy aktywno\u015bci jednego typu, np. mog\u0105 to by\u0107 okulary tylko do czytania, albo do dali &#8211; do codziennego \u017cycia. Mog\u0105 wi\u0119c by\u0107 noszone ca\u0142y czas, albo zmieniane w miar\u0119 potrzeb.<\/div>\n    \t\t<\/div><div class='vc-timeline '>\n    \t\t\t<div class='vc-timeline-icon' style='background-color: #ea83e3'>\n    \t\t\t\t<i style='color: #ffffff' class='fa fa-fa-circle'><\/i>\n    \t\t\t<\/div>\n    \t\t\t<div class='vc-timeline-line'><\/div>\n    \t\t\t<div class='vc-timeline-content'><\/p>\n<h3>Soczewki dwuogniskowe<\/h3>\n<p>Sk\u0142adaj\u0105 si\u0119 z dw\u00f3ch segment\u00f3w o r\u00f3\u017cnych mocach. G\u00f3rna cz\u0119\u015b\u0107 tych soczewek przeznaczona jest do korekcji widzenia dali, natomiast dolna do korekcji bli\u017cy (czytania). Okular\u00f3w dwuogniskowych mo\u017cna u\u017cywa\u0107 do codziennego \u017cycia. Wad\u0105 tego typu soczewek jest brak korekcji odleg\u0142o\u015bci po\u015brednich pomi\u0119dzy dal\u0105 i bli\u017c\u0105 oraz ma\u0142o estetyczny, widoczny segment do korekcji bli\u017cy.<\/div>\n    \t\t<\/div><div class='vc-timeline '>\n    \t\t\t<div class='vc-timeline-icon' style='background-color: #29abe2'>\n    \t\t\t\t<i style='color: #ffffff' class='fa fa-fa-circle'><\/i>\n    \t\t\t<\/div>\n    \t\t\t<div class='vc-timeline-line'><\/div>\n    \t\t\t<div class='vc-timeline-content'><\/p>\n<h3>Soczewki progresywne<\/h3>\n<p>Umo\u017cliwiaj\u0105 jednoczesn\u0105 korekcj\u0119 widzenie dali, bli\u017cy i odleg\u0142o\u015bci po\u015brednich. S\u0105 to soczewki z tzw. p\u0142ynn\u0105 ogniskow\u0105, zale\u017cn\u0105 od punktu, przez kt\u00f3ry patrzymy. Soczewki progresywne s\u0105 nowoczesn\u0105 alternatyw\u0105 dla soczewek dwuogniskowych. Spe\u0142niaj\u0105 podobne zadanie, ale umo\u017cliwiaj\u0105 mo\u017cliwo\u015b\u0107 korekcj\u0119 odleg\u0142o\u015bci po\u015brednich i s\u0105 zdecydowani bardziej estetyczne- soczewki te wygl\u0105daj\u0105 z zewn\u0105trz jak soczewki jednoogniskowe.<\/div>\n    \t\t<\/div>\n\t\t<\/div> \n\t<\/div> \n<\/div><div style=\"background-color: #ffffff; background-image: url();\" class=\"main-row wpb_row vc_row-fluid  full-width   margin-top-0 padding-bottom-0    \">\n\t<div class=\"vc_span4 wpb_column column_container\">\n\t\t<div class=\"wpb_wrapper\">\n\t\t\t\n\t\t<\/div> \n\t<\/div> \n\n\t<div class=\"vc_span4 wpb_column column_container\">\n\t\t<div class=\"wpb_wrapper\">\n\t\t\t\n\t<div class=\"wpb_single_image wpb_content_element wpb_animate_when_almost_visible wpb_right-to-left vc_align_center\">\n\t\t<div class=\"wpb_wrapper\">\n\t\t\t\n\t\t\t<img src=\"https:\/\/oko-optyk.pl\/wp-content\/uploads\/2013\/09\/oko-sidebar-2.jpg\" width=\"300\" height=\"375\" alt=\"Girl with glasses\" \/>\n\t\t<\/div> \n\t<\/div> \n\t\t<\/div> \n\t<\/div> \n\n\t<div class=\"vc_span4 wpb_column column_container\">\n\t\t<div class=\"wpb_wrapper\">\n\t\t\t\n\t\t<\/div> \n\t<\/div> \n<\/div><div style=\"background-color: ; background-image: url();\" class=\"main-row wpb_row vc_row-fluid        \">\n\t<div class=\"vc_span12 wpb_column column_container\">\n\t\t<div class=\"wpb_wrapper\">\n\t\t\t\n\t<div class=\"wpb_text_column wpb_content_element  wpb_animate_when_almost_visible wpb_appear\">\n\t\t<div class=\"wpb_wrapper\">\n\t\t\t<h2 style=\"text-align: center;\">Oprawy dla dzieci, m\u0142odzie\u017cy oraz doros\u0142ych<\/h2>\n<p style=\"text-align: center;\">Belutti, Tonny, Solano<\/p>\n\n\t\t<\/div> \n\t<\/div> \n\t<div class=\"wpb_single_image wpb_content_element margin-bottom-0 wpb_animate_when_almost_visible wpb_left-to-right vc_align_center\">\n\t\t<div class=\"wpb_wrapper\">\n\t\t\t\n\t\t\t<img width=\"507\" height=\"256\" src=\"https:\/\/oko-optyk.pl\/wp-content\/uploads\/2013\/09\/oprawki-1.jpg\" class=\"attachment-full size-full\" alt=\"\" loading=\"lazy\" srcset=\"https:\/\/oko-optyk.pl\/wp-content\/uploads\/2013\/09\/oprawki-1.jpg 507w, https:\/\/oko-optyk.pl\/wp-content\/uploads\/2013\/09\/oprawki-1-300x151.jpg 300w\" sizes=\"(max-width: 507px) 100vw, 507px\" \/>\n\t\t<\/div> \n\t<\/div> \n\t\t<\/div> \n\t<\/div> \n<\/div><div style=\"background-color: ; background-image: url(https:\/\/oko-optyk.pl\/wp-content\/uploads\/2014\/03\/background-121.jpg);\" class=\"main-row wpb_row vc_row-fluid  full-width    parallax-bg  row-large\">\n\t<div class=\"vc_span8 wpb_column column_container\">\n\t\t<div class=\"wpb_wrapper\">\n\t\t\t<div class='vc-timeline '>\n    \t\t\t<div class='vc-timeline-icon' style='background-color: #51bab6'>\n    \t\t\t\t<i style='color: ' class='fa fa-'><\/i>\n    \t\t\t<\/div>\n    \t\t\t<div class='vc-timeline-line'><\/div>\n    \t\t\t<div class='vc-timeline-content'><\/p>\n<h3>Soczewki fotochromowe<\/h3>\n<p>Dostosowuj\u0105 si\u0119 do zmiennych warunk\u00f3w o\u015bwietleniowych, rozja\u015bniaj\u0105c si\u0119 i przyciemniaj\u0105c z niesamowit\u0105 szybko\u015bci\u0105, w zale\u017cno\u015bci od nat\u0119\u017cenia \u015bwiat\u0142a. Pozwala to na noszenie okular\u00f3w przez ca\u0142y dzie\u0144, bez konieczno\u015bci zmiany ich na okulary przeciws\u0142oneczne, b\u0105d\u017a odwrotnie. Zapewnia to wyj\u0105tkow\u0105 wygod\u0119 i komfort u\u017cytkowania.<\/div>\n    \t\t<\/div><div class='vc-timeline '>\n    \t\t\t<div class='vc-timeline-icon' style='background-color: #ea83e3'>\n    \t\t\t\t<i style='color: ' class='fa fa-'><\/i>\n    \t\t\t<\/div>\n    \t\t\t<div class='vc-timeline-line'><\/div>\n    \t\t\t<div class='vc-timeline-content'><\/p>\n<h3>Soczewki z antyrefleksem<\/h3>\n<p>Pow\u0142oki antyrefleksyjne s\u0105 uszlachetnieniem stosowanym w celu wyeliminowania rozproszonych odbi\u0107 \u015bwiat\u0142a na powierzchni soczewek, co wp\u0142ywa na zwi\u0119kszenie ilo\u015bci \u015bwiat\u0142a przechodz\u0105cego przez soczewk\u0119 i zwi\u0119kszenie kontrastu widzenia.<\/div>\n    \t\t<\/div><div class='vc-timeline '>\n    \t\t\t<div class='vc-timeline-icon' style='background-color: #29abe2'>\n    \t\t\t\t<i style='color: ' class='fa fa-'><\/i>\n    \t\t\t<\/div>\n    \t\t\t<div class='vc-timeline-line'><\/div>\n    \t\t\t<div class='vc-timeline-content'><\/p>\n<h3>Soczewki polaryzacyjne<\/h3>\n<p>Maj\u0105 dwie podstawowe zalety: pe\u0142ni\u0105 funkcj\u0119 okular\u00f3w przeciws\u0142onecznych i neutralizuj\u0105 o\u015blepiaj\u0105ce refleksy, powstaj\u0105ce w\u00f3wczas gdy \u015bwiat\u0142o odbija si\u0119 od mokrej drogi, powierzchni wody lub \u015bniegu. Eliminacja \u015bwiat\u0142a odbitego zwi\u0119ksza kontrast widzenia i pozwala na bardziej komfortowe widzenie. To idealne soczewki do wszelkiego rodzaju aktywno\u015bci na \u015bwie\u017cym powietrzu, pozwalaj\u0105ce pe\u0142niej korzysta\u0107 z \u017cycia.<\/div>\n    \t\t<\/div>\n\t\t<\/div> \n\t<\/div> \n\n\t<div class=\"vc_span4 wpb_column column_container\">\n\t\t<div class=\"wpb_wrapper\">\n\t\t\t<div class=\"empty-space\"><\/div>\n\t\t<\/div> \n\t<\/div> \n<\/div>\n","protected":false},"excerpt":{"rendered":"Soczewki biurowe! Soczewki biurowe do bli\u017cy i odleg\u0142o\u015bci po\u015brednich znajduj\u0105 zastosowanie wewn\u0105trz pomieszcze\u0144, oferuj\u0105c wyj\u0105tkowy komfort u\u017cytkowania podczas takich czynno\u015bci jak czytanie, czy praca przy komputerze. Specjalna konstrukcja zapewnia du\u017cy zasi\u0119g i wyj\u0105tkowo szerokie strefy widzenia w bli\u017cy. Soczewki eliminuj\u0105 konieczno\u015b\u0107 cz\u0119stej zmiany pozycji g\u0142owy i chroni\u0105 oczy przed zm\u0119czeniem. Polecane s\u0105 do zaj\u0119\u0107 wymagaj\u0105cych wi\u0119kszego zasi\u0119gu widzenia ni\u017c w tradycyjnych soczewkach do bli\u017cy. Wi\u0119cej szczeg\u00f3\u0142\u00f3w\u00a0\u00a0 Um\u00f3w wizyt\u0119 Soczewki jednoogniskowe S\u0142u\u017c\u0105 do korekcji jednej wady wzroku: kr\u00f3tkowzroczno\u015bci (soczewki ujemne) lub nadwzroczno\u015bci (soczewki dodatnie). Okulary z tego typu soczewkami mog\u0105 by\u0107 wykorzystywane przy aktywno\u015bci jednego typu, np. mog\u0105 to by\u0107 okulary tylko do czytania, albo do dali - do codziennego \u017cycia. Mog\u0105 wi\u0119c by\u0107 noszone ca\u0142y czas, albo zmieniane w miar\u0119 potrzeb. Soczewki dwuogniskowe Sk\u0142adaj\u0105 si\u0119 z dw\u00f3ch segment\u00f3w o r\u00f3\u017cnych mocach. G\u00f3rna cz\u0119\u015b\u0107 tych soczewek przeznaczona jest do korekcji widzenia dali, natomiast dolna do korekcji bli\u017cy (czytania). Okular\u00f3w dwuogniskowych mo\u017cna<br><br><a class=\"read-more\" href=\"https:\/\/oko-optyk.pl\/?page_id=4478\">Read more<\/a>","protected":false},"author":2,"featured_media":0,"parent":0,"menu_order":0,"comment_status":"open","ping_status":"open","template":"","meta":[],"_links":{"self":[{"href":"https:\/\/oko-optyk.pl\/index.php?rest_route=\/wp\/v2\/pages\/4478"}],"collection":[{"href":"https:\/\/oko-optyk.pl\/index.php?rest_route=\/wp\/v2\/pages"}],"about":[{"href":"https:\/\/oko-optyk.pl\/index.php?rest_route=\/wp\/v2\/types\/page"}],"author":[{"embeddable":true,"href":"https:\/\/oko-optyk.pl\/index.php?rest_route=\/wp\/v2\/users\/2"}],"replies":[{"embeddable":true,"href":"https:\/\/oko-optyk.pl\/index.php?rest_route=%2Fwp%2Fv2%2Fcomments&post=4478"}],"version-history":[{"count":38,"href":"https:\/\/oko-optyk.pl\/index.php?rest_route=\/wp\/v2\/pages\/4478\/revisions"}],"predecessor-version":[{"id":4615,"href":"https:\/\/oko-optyk.pl\/index.php?rest_route=\/wp\/v2\/pages\/4478\/revisions\/4615"}],"wp:attachment":[{"href":"https:\/\/oko-optyk.pl\/index.php?rest_route=%2Fwp%2Fv2%2Fmedia&parent=4478"}],"curies":[{"name":"wp","href":"https:\/\/api.w.org\/{rel}","templated":true}]}}