{"id":4536,"date":"2014-04-06T14:21:40","date_gmt":"2014-04-06T14:21:40","guid":{"rendered":"http:\/\/server294983.nazwa.pl\/oko-optyk\/?page_id=4536"},"modified":"2015-02-27T07:23:02","modified_gmt":"2015-02-27T07:23:02","slug":"okulary-progresywne","status":"publish","type":"page","link":"https:\/\/oko-optyk.pl\/?page_id=4536","title":{"rendered":"Okulary progresywne"},"content":{"rendered":"<div style=\"background-color: #ffffff; background-image: url();\" class=\"main-row wpb_row vc_row-fluid  full-width      \">\n\t<div class=\"vc_span12 wpb_column column_container\">\n\t\t<div class=\"wpb_wrapper\">\n\t\t\t\n\t<div class=\"wpb_text_column wpb_content_element \">\n\t\t<div class=\"wpb_wrapper\">\n\t\t\t<p>Wi\u0119kszo\u015b\u0107 ludzi na polepszenie swojego wzroku u\u017cywa okular\u00f3w jednoogniskowych (okulary do patrzenia w dal lub czytania z bliska). D\u0142ugi czas ta forma korekcji wzroku jest wystarczaj\u0105ca, ale w wieku oko\u0142o 40 lat, pojawiaj\u0105 si\u0119 problemy z postrzeganiem przedmiot\u00f3w w bliskiej odleg\u0142o\u015bci. Przyczyn\u0105 jest zm\u0119czenie dw\u00f3ch mi\u0119\u015bni, kt\u00f3re zmieniaj\u0105 sw\u00f3j kszta\u0142t w czasie czytania. Ten proces jest naturalny i nie nale\u017cy go myli\u0107 z innymi nieprawid\u0142owymi reakcjami.<br \/>\nSoczewki progresywne<\/p>\n<p>Umo\u017cliwiaj\u0105 jednoczesn\u0105 korekcj\u0119 widzenie dali, bli\u017cy i odleg\u0142o\u015bci po\u015brednich. S\u0105 to soczewki z tzw. p\u0142ynn\u0105 ogniskow\u0105, zale\u017cn\u0105 od punktu, przez kt\u00f3ry patrzymy. Soczewki progresywne s\u0105 nowoczesn\u0105 alternatyw\u0105 dla soczewek dwuogniskowych. Spe\u0142niaj\u0105 podobne zadanie, ale umo\u017cliwiaj\u0105 mo\u017cliwo\u015b\u0107 korekcj\u0119 odleg\u0142o\u015bci po\u015brednich i s\u0105 zdecydowani bardziej estetyczne- soczewki te wygl\u0105daj\u0105 z zewn\u0105trz jak soczewki jednoogniskowe.<\/p>\n\n\t\t<\/div> \n\t<\/div> \n\t\t<\/div> \n\t<\/div> \n<\/div><div style=\"background-color: #ffffff; background-image: url();\" class=\"main-row wpb_row vc_row-fluid  full-width   padding-bottom-0    \">\n\t<div class=\"vc_span12 wpb_column column_container\">\n\t\t<div class=\"wpb_wrapper\">\n\t\t\t\n\t<div class=\"wpb_single_image wpb_content_element vc_align_center\">\n\t\t<div class=\"wpb_wrapper\">\n\t\t\t\n\t\t\t<img src=\"https:\/\/oko-optyk.pl\/wp-content\/uploads\/2014\/04\/oko-sidebar-6.jpg\" width=\"600\" height=\"538\" alt=\"oko-sidebar-6\" \/>\n\t\t<\/div> \n\t<\/div> \n\t\t<\/div> \n\t<\/div> \n<\/div><div style=\"background-color: ; background-image: url();\" class=\"main-row wpb_row vc_row-fluid        \">\n\t<div class=\"vc_span12 wpb_column column_container\">\n\t\t<div class=\"wpb_wrapper\">\n\t\t\t\n\t<div class=\"wpb_text_column wpb_content_element \">\n\t\t<div class=\"wpb_wrapper\">\n\t\t\t<p><strong style=\"line-height: 1.5em;\">Okulary z progresywnymi soczewkami<\/strong><\/p>\n<p>Progresywna soczewka to taka, w kt\u00f3rej warto\u015b\u0107 dioptrii p\u0142ynnie dostosowuje si\u0119 do wygodnego widzenia na wszystkich odleg\u0142o\u015bciach. Zapewniaj\u0105 one ostre widzenie na ka\u017cd\u0105 odleg\u0142o\u015b\u0107, dlatego te\u017c wystarcz\u0105 Ci jedne okulary na ca\u0142y dzie\u0144 u\u017cytkowania. Nie istnieje tu \u017cadna linia podzia\u0142u, soczewka jest jednolita. Aby d\u0142uga lektura nie by\u0142a m\u0119cz\u0105ca dla Twoich oczu, polecamy zaopatrzy\u0107 si\u0119 dodatkowo w okulary do czytania.<\/p>\n<p><strong>Progresywne soczewki sk\u0142adaj\u0105 si\u0119 z trzech segment\u00f3w:<\/strong><\/p>\n<p>\u2022 G\u00f3rna cz\u0119\u015b\u0107 zapewnia ostre widzenie odleg\u0142ych obiekt\u00f3w.<br \/>\n\u2022 Dolna cz\u0119\u015b\u0107 pozwala na wygodne czytanie.<br \/>\n\u2022 \u015arodkowa cz\u0119\u015b\u0107 jest g\u0142adka, zapewniaj\u0105c delikatne przej\u015bcie pomi\u0119dzy cz\u0119\u015bci\u0105 do widzenia w dal a cz\u0119\u015bci\u0105 do czytania.<\/p>\n\n\t\t<\/div> \n\t<\/div> \n\t<div class=\"wpb_accordion wpb_content_element  not-column-inherit\" data-collapsible=no data-active-tab=\"1\">\n\t\t<div class=\"wpb_wrapper wpb_accordion_wrapper ui-accordion\">\n\t\t\t\n\t\t\t<div class=\"wpb_accordion_section group\">\n\t\t\t\t<h3 class=\"wpb_accordion_header ui-accordion-header\"><a href=\"#komu-poleca-sie-progresywne-soczewki\">Komu poleca si\u0119 progresywne soczewki?<\/a><\/h3>\n\t\t\t\t<div class=\"wpb_accordion_content ui-accordion-content clearfix\">\n\t\t\t\t\n\t<div class=\"wpb_text_column wpb_content_element \">\n\t\t<div class=\"wpb_wrapper\">\n\t\t\t<p><span style=\"line-height: 1.5em;\">Progresywne soczewki przede wszystkim polecane s\u0105 osobom, kt\u00f3re potrzebuj\u0105 wi\u0119cej okular\u00f3w na r\u00f3\u017cne odleg\u0142o\u015bci. Eliminuje to potrzeb\u0119 wi\u0119kszej liczby okular\u00f3w. Najpraktyczniejsze s\u0105 one dla os\u00f3b w starszym wieku (zazwyczaj powy\u017cej 40 roku \u017cycia), poniewa\u017c oko wtedy posiada problemy z akomodacj\u0105 na przedmioty w bliskiej odleg\u0142o\u015bci. Przyczyn\u0105 jest zm\u0119czenie dw\u00f3ch mi\u0119\u015bni, kt\u00f3re zmieniaj\u0105 sw\u00f3j kszta\u0142t w czasie czytania. Okulary z wielofunkcyjnymi szk\u0142ami nie s\u0105 takie same jak korekcyjne, koryguj\u0105ce widoczno\u015b\u0107 na danej odleg\u0142o\u015bci, poniewa\u017c do ich wyrobienia u\u017cywa si\u0119 innej techniki szlifowania.<\/span><\/p>\n\n\t\t<\/div> \n\t<\/div> \n\t\t\t\t<\/div>\n\t\t\t<\/div> \n\n\t\t\t<div class=\"wpb_accordion_section group\">\n\t\t\t\t<h3 class=\"wpb_accordion_header ui-accordion-header\"><a href=\"#jakie-sa-korzysci-z-uzywania-okularow-z-progresywnymi-soczewkami\">Jakie s\u0105 korzy\u015bci z u\u017cywania okular\u00f3w z progresywnymi soczewkami?<\/a><\/h3>\n\t\t\t\t<div class=\"wpb_accordion_content ui-accordion-content clearfix\">\n\t\t\t\t\n\t<div class=\"wpb_text_column wpb_content_element \">\n\t\t<div class=\"wpb_wrapper\">\n\t\t\t<p>Wystarcz\u0105 tylko jedne okulary do widzenia na odleg\u0142o\u015b\u0107 i z bliska. Nie musisz zmienia\u0107 okular\u00f3w z tych do czytania na te na odleg\u0142o\u015b\u0107. Kolejn\u0105 zalet\u0105 jest r\u00f3wnie\u017c ich wygl\u0105d. Daj\u0105 wra\u017cenie klasycznych jednoogniskowych okular\u00f3w, poniewa\u017c nie wida\u0107 na nich podzia\u0142u soczewki.<\/p>\n\n\t\t<\/div> \n\t<\/div> \n\t\t\t\t<\/div>\n\t\t\t<\/div> \n\n\t\t\t<div class=\"wpb_accordion_section group\">\n\t\t\t\t<h3 class=\"wpb_accordion_header ui-accordion-header\"><a href=\"#na-co-trzeba-zwrocic-uwage-przy-pierwszym-noszeniu-okularow-z-progresywnymi-soczewkami\">Na co trzeba zwr\u00f3ci\u0107 uwag\u0119 przy pierwszym noszeniu okular\u00f3w z progresywnymi soczewkami?<\/a><\/h3>\n\t\t\t\t<div class=\"wpb_accordion_content ui-accordion-content clearfix\">\n\t\t\t\t\n\t<div class=\"wpb_text_column wpb_content_element \">\n\t\t<div class=\"wpb_wrapper\">\n\t\t\t<p><span style=\"line-height: 1.5em;\">Przy progresywnych soczewkach widoczno\u015b\u0107 nie jest tak dobra, jak przy klasycznych jednoogniskowych okularach. Dlatego te\u017c jest wa\u017cne, \u017ceby patrze\u0107 przez odpowiedni\u0105 korekcyjn\u0105 stref\u0119. Na pocz\u0105tek poleca si\u0119 obr\u00f3ci\u0107 g\u0142ow\u0119 w kierunku w patrzenia si\u0119 ni\u017c patrze\u0107 tylko k\u0105cikiem oka, a przy chodzeniu po schodach obni\u017cy\u0107 troch\u0119 g\u0142ow\u0119. Potrzeba troch\u0119 czasu do przyzwyczajenia si\u0119 do nowego sposobu patrzenia.<\/span><\/p>\n\n\t\t<\/div> \n\t<\/div> \n\t\t\t\t<\/div>\n\t\t\t<\/div> \n\n\t\t<\/div> \n\t<\/div> \n\t<div class=\"wpb_text_column wpb_content_element \">\n\t\t<div class=\"wpb_wrapper\">\n\t\t\t<p><strong style=\"line-height: 1.5em;\">Okres adaptacji<\/strong><\/p>\n<p>Do okular\u00f3w progresywnych trzeba si\u0119 przyzwyczai\u0107, poniewa\u017c s\u0105 to trzy rodzaje okular\u00f3w w jednych, kt\u00f3re umo\u017cliwiaj\u0105 doskona\u0142e widzenie przez ca\u0142y dzie\u0144. Na okres adaptacji do okular\u00f3w wielofunkcyjnych wp\u0142yw ma kilka czynnik\u00f3w (w przypadku, je\u017celi s\u0105 to Twoje pierwsze okulary wielofunkcyjne okres adaptacji b\u0119dzie d\u0142u\u017cszy ni\u017c w przypadku, jakby\u015b posiada\u0142 w przesz\u0142o\u015bci takie okulary) i mo\u017ce on trwa\u0107\u00a0 jeden dzie\u0144 ale r\u00f3wnie\u017c od 3-6 tygodni.<\/p>\n\n\t\t<\/div> \n\t<\/div> \n\t\t<\/div> \n\t<\/div> \n<\/div>\n","protected":false},"excerpt":{"rendered":"Wi\u0119kszo\u015b\u0107 ludzi na polepszenie swojego wzroku u\u017cywa okular\u00f3w jednoogniskowych (okulary do patrzenia w dal lub czytania z bliska). D\u0142ugi czas ta forma korekcji wzroku jest wystarczaj\u0105ca, ale w wieku oko\u0142o 40 lat, pojawiaj\u0105 si\u0119 problemy z postrzeganiem przedmiot\u00f3w w bliskiej odleg\u0142o\u015bci. Przyczyn\u0105 jest zm\u0119czenie dw\u00f3ch mi\u0119\u015bni, kt\u00f3re zmieniaj\u0105 sw\u00f3j kszta\u0142t w czasie czytania. Ten proces jest naturalny i nie nale\u017cy go myli\u0107 z innymi nieprawid\u0142owymi reakcjami. Soczewki progresywne Umo\u017cliwiaj\u0105 jednoczesn\u0105 korekcj\u0119 widzenie dali, bli\u017cy i odleg\u0142o\u015bci po\u015brednich. S\u0105 to soczewki z tzw. p\u0142ynn\u0105 ogniskow\u0105, zale\u017cn\u0105 od punktu, przez kt\u00f3ry patrzymy. Soczewki progresywne s\u0105 nowoczesn\u0105 alternatyw\u0105 dla soczewek dwuogniskowych. Spe\u0142niaj\u0105 podobne zadanie, ale umo\u017cliwiaj\u0105 mo\u017cliwo\u015b\u0107 korekcj\u0119 odleg\u0142o\u015bci po\u015brednich i s\u0105 zdecydowani bardziej estetyczne- soczewki te wygl\u0105daj\u0105 z zewn\u0105trz jak soczewki jednoogniskowe. Okulary z progresywnymi soczewkami Progresywna soczewka to taka, w kt\u00f3rej warto\u015b\u0107 dioptrii p\u0142ynnie dostosowuje si\u0119 do wygodnego widzenia na wszystkich odleg\u0142o\u015bciach. Zapewniaj\u0105 one ostre widzenie na ka\u017cd\u0105 odleg\u0142o\u015b\u0107, dlatego te\u017c<br><br><a class=\"read-more\" href=\"https:\/\/oko-optyk.pl\/?page_id=4536\">Read more<\/a>","protected":false},"author":2,"featured_media":0,"parent":4478,"menu_order":2,"comment_status":"open","ping_status":"open","template":"","meta":[],"_links":{"self":[{"href":"https:\/\/oko-optyk.pl\/index.php?rest_route=\/wp\/v2\/pages\/4536"}],"collection":[{"href":"https:\/\/oko-optyk.pl\/index.php?rest_route=\/wp\/v2\/pages"}],"about":[{"href":"https:\/\/oko-optyk.pl\/index.php?rest_route=\/wp\/v2\/types\/page"}],"author":[{"embeddable":true,"href":"https:\/\/oko-optyk.pl\/index.php?rest_route=\/wp\/v2\/users\/2"}],"replies":[{"embeddable":true,"href":"https:\/\/oko-optyk.pl\/index.php?rest_route=%2Fwp%2Fv2%2Fcomments&post=4536"}],"version-history":[{"count":11,"href":"https:\/\/oko-optyk.pl\/index.php?rest_route=\/wp\/v2\/pages\/4536\/revisions"}],"predecessor-version":[{"id":4600,"href":"https:\/\/oko-optyk.pl\/index.php?rest_route=\/wp\/v2\/pages\/4536\/revisions\/4600"}],"up":[{"embeddable":true,"href":"https:\/\/oko-optyk.pl\/index.php?rest_route=\/wp\/v2\/pages\/4478"}],"wp:attachment":[{"href":"https:\/\/oko-optyk.pl\/index.php?rest_route=%2Fwp%2Fv2%2Fmedia&parent=4536"}],"curies":[{"name":"wp","href":"https:\/\/api.w.org\/{rel}","templated":true}]}}