{"id":4538,"date":"2014-04-06T14:22:16","date_gmt":"2014-04-06T14:22:16","guid":{"rendered":"http:\/\/server294983.nazwa.pl\/oko-optyk\/?page_id=4538"},"modified":"2015-02-27T07:23:02","modified_gmt":"2015-02-27T07:23:02","slug":"okulary-antyrefleksem","status":"publish","type":"page","link":"https:\/\/oko-optyk.pl\/?page_id=4538","title":{"rendered":"Okulary z antyrefleksem"},"content":{"rendered":"<div style=\"background-color: #ffffff; background-image: url();\" class=\"main-row wpb_row vc_row-fluid  full-width   padding-bottom-0    \">\n\t<div class=\"vc_span12 wpb_column column_container\">\n\t\t<div class=\"wpb_wrapper\">\n\t\t\t\n\t<div class=\"wpb_single_image wpb_content_element vc_align_center\">\n\t\t<div class=\"wpb_wrapper\">\n\t\t\t\n\t\t\t<img src=\"https:\/\/oko-optyk.pl\/wp-content\/uploads\/2013\/09\/oko-sidebar-1.jpg\" width=\"300\" height=\"397\" alt=\"oko-sidebar-1\" \/>\n\t\t<\/div> \n\t<\/div> \n\t\t<\/div> \n\t<\/div> \n<\/div><div style=\"background-color: ; background-image: url();\" class=\"main-row wpb_row vc_row-fluid        \">\n\t<div class=\"vc_span12 wpb_column column_container\">\n\t\t<div class=\"wpb_wrapper\">\n\t\t\t\n\t<div class=\"wpb_text_column wpb_content_element \">\n\t\t<div class=\"wpb_wrapper\">\n\t\t\t<h3>Soczewki z antyrefleksem<\/h3>\n<p>Pow\u0142oki antyrefleksyjne s\u0105 uszlachetnieniem stosowanym w celu wyeliminowania rozproszonych odbi\u0107 \u015bwiat\u0142a na powierzchni soczewek, co wp\u0142ywa na zwi\u0119kszenie ilo\u015bci \u015bwiat\u0142a przechodz\u0105cego przez soczewk\u0119 i zwi\u0119kszenie kontrastu widzenia.<\/p>\n\n\t\t<\/div> \n\t<\/div> \n\t\t<\/div> \n\t<\/div> \n<\/div>\n","protected":false},"excerpt":{"rendered":"Soczewki z antyrefleksem Pow\u0142oki antyrefleksyjne s\u0105 uszlachetnieniem stosowanym w celu wyeliminowania rozproszonych odbi\u0107 \u015bwiat\u0142a na powierzchni soczewek, co wp\u0142ywa na zwi\u0119kszenie ilo\u015bci \u015bwiat\u0142a przechodz\u0105cego przez soczewk\u0119 i zwi\u0119kszenie kontrastu widzenia.","protected":false},"author":2,"featured_media":0,"parent":4478,"menu_order":3,"comment_status":"open","ping_status":"open","template":"","meta":[],"_links":{"self":[{"href":"https:\/\/oko-optyk.pl\/index.php?rest_route=\/wp\/v2\/pages\/4538"}],"collection":[{"href":"https:\/\/oko-optyk.pl\/index.php?rest_route=\/wp\/v2\/pages"}],"about":[{"href":"https:\/\/oko-optyk.pl\/index.php?rest_route=\/wp\/v2\/types\/page"}],"author":[{"embeddable":true,"href":"https:\/\/oko-optyk.pl\/index.php?rest_route=\/wp\/v2\/users\/2"}],"replies":[{"embeddable":true,"href":"https:\/\/oko-optyk.pl\/index.php?rest_route=%2Fwp%2Fv2%2Fcomments&post=4538"}],"version-history":[{"count":3,"href":"https:\/\/oko-optyk.pl\/index.php?rest_route=\/wp\/v2\/pages\/4538\/revisions"}],"predecessor-version":[{"id":4604,"href":"https:\/\/oko-optyk.pl\/index.php?rest_route=\/wp\/v2\/pages\/4538\/revisions\/4604"}],"up":[{"embeddable":true,"href":"https:\/\/oko-optyk.pl\/index.php?rest_route=\/wp\/v2\/pages\/4478"}],"wp:attachment":[{"href":"https:\/\/oko-optyk.pl\/index.php?rest_route=%2Fwp%2Fv2%2Fmedia&parent=4538"}],"curies":[{"name":"wp","href":"https:\/\/api.w.org\/{rel}","templated":true}]}}