{"id":4545,"date":"2014-04-08T19:28:30","date_gmt":"2014-04-08T19:28:30","guid":{"rendered":"http:\/\/server294983.nazwa.pl\/oko-optyk\/?page_id=4545"},"modified":"2015-02-27T07:23:02","modified_gmt":"2015-02-27T07:23:02","slug":"okulary-polaryzacja","status":"publish","type":"page","link":"https:\/\/oko-optyk.pl\/?page_id=4545","title":{"rendered":"Okulary z polaryzacj\u0105"},"content":{"rendered":"<div style=\"background-color: #ffffff; background-image: url();\" class=\"main-row wpb_row vc_row-fluid  full-width   margin-top-0 padding-bottom-0    \">\n\t<div class=\"vc_span12 wpb_column column_container\">\n\t\t<div class=\"wpb_wrapper\">\n\t\t\t\n\t<div class=\"wpb_single_image wpb_content_element vc_align_center\">\n\t\t<div class=\"wpb_wrapper\">\n\t\t\t\n\t\t\t<img src=\"https:\/\/oko-optyk.pl\/wp-content\/uploads\/2014\/04\/oko-sidebar-5.jpg\" width=\"600\" height=\"343\" alt=\"oko-sidebar-5\" \/>\n\t\t<\/div> \n\t<\/div> \n\t\t<\/div> \n\t<\/div> \n<\/div><div style=\"background-color: #ffffff; background-image: url();\" class=\"main-row wpb_row vc_row-fluid        \">\n\t<div class=\"vc_span12 wpb_column column_container\">\n\t\t<div class=\"wpb_wrapper\">\n\t\t\t\n\t<div class=\"wpb_text_column wpb_content_element \">\n\t\t<div class=\"wpb_wrapper\">\n\t\t\t<p>Okulary z polaryzacj\u0105 s\u0105 jedynym ze sposob\u00f3w redukcji rozproszonego \u015bwiat\u0142a. Szk\u0142a te s\u0105 idealnym rozwi\u0105zaniem dla ka\u017cdego, kto potrzebuje maksymalnej ochrony oczu i wysokiego komfortu wizualnego w ka\u017cdych warunkach.<\/p>\n<p>Okulary z polaryzacj\u0105 s\u0105 idealnym rozwi\u0105zaniem nie tylko dla kierowc\u00f3w, ale tak\u017ce dla rowerzyst\u00f3w, narciarzy, w\u0119dkarzy oraz mi\u0142o\u015bnik\u00f3w sport\u00f3w wodnych.<\/p>\n<p>Korzy\u015bci z okular\u00f3w polaryzacyjnych s\u0105 nast\u0119puj\u0105ce:<\/p>\n<ul>\n<li>filtr polaryzacyjny minimalizuje poziom odbitego \u015bwiat\u0142a,<\/li>\n<li>poprawia kontrast,<\/li>\n<li>filtrowanie rozproszonego \u015bwiat\u0142a widocznie wzrasta,<\/li>\n<li>przy maksymalnej koncentracji, jak podczas jazdy samochodem lub przy uprawianiu sportu, zapewnia bezpiecze\u0144stwo,<\/li>\n<li>chroni oczy przed nadmiernym promieniowaniem, zmniejsza zm\u0119czenie oczu,<\/li>\n<\/ul>\n<p>szk\u0142a polaryzacyjne oferujemy z 85% intensywno\u015bci\u0105 koloru, w odcieniach: szary, zgni\u0142a ziele\u0144 i br\u0105z.<\/p>\n<p>Jak dzia\u0142aj\u0105 szk\u0142a polaryzacyjne?<\/p>\n<p>Szk\u0142a polaryzacyjne zmniejszaj\u0105 odblaski i odbicia. Posiadaj\u0105 one polaryzacyjn\u0105 foli\u0119, kt\u00f3ra w po\u0142\u0105czeniu z kolorowymi szk\u0142ami, wch\u0142ania i redukuje odblaski.<\/p>\n<p>Zamawiaj\u0105c okulary z polaryzacj\u0105, dostaniesz je wykonane dok\u0142adnie wed\u0142ug Twoich potrzeb. Nie musisz u\u017cywa\u0107 \u017cadnych filtr\u00f3w zamiennych, clip \u2013 masz dwie funkcje (polaryzacyjny filtr i dioptrie) w jednych okularach.<\/p>\n\n\t\t<\/div> \n\t<\/div> \n\t\t<\/div> \n\t<\/div> \n<\/div><div style=\"background-color: ; background-image: url();\" class=\"main-row wpb_row vc_row-fluid        \">\n\t<div class=\"vc_span12 wpb_column column_container\">\n\t\t<div class=\"wpb_wrapper\">\n\t\t\t\n\t\t<\/div> \n\t<\/div> \n<\/div>\n","protected":false},"excerpt":{"rendered":"Okulary z polaryzacj\u0105 s\u0105 jedynym ze sposob\u00f3w redukcji rozproszonego \u015bwiat\u0142a. Szk\u0142a te s\u0105 idealnym rozwi\u0105zaniem dla ka\u017cdego, kto potrzebuje maksymalnej ochrony oczu i wysokiego komfortu wizualnego w ka\u017cdych warunkach. Okulary z polaryzacj\u0105 s\u0105 idealnym rozwi\u0105zaniem nie tylko dla kierowc\u00f3w, ale tak\u017ce dla rowerzyst\u00f3w, narciarzy, w\u0119dkarzy oraz mi\u0142o\u015bnik\u00f3w sport\u00f3w wodnych. Korzy\u015bci z okular\u00f3w polaryzacyjnych s\u0105 nast\u0119puj\u0105ce: filtr polaryzacyjny minimalizuje poziom odbitego \u015bwiat\u0142a, poprawia kontrast, filtrowanie rozproszonego \u015bwiat\u0142a widocznie wzrasta, przy maksymalnej koncentracji, jak podczas jazdy samochodem lub przy uprawianiu sportu, zapewnia bezpiecze\u0144stwo, chroni oczy przed nadmiernym promieniowaniem, zmniejsza zm\u0119czenie oczu, szk\u0142a polaryzacyjne oferujemy z 85% intensywno\u015bci\u0105 koloru, w odcieniach: szary, zgni\u0142a ziele\u0144 i br\u0105z. Jak dzia\u0142aj\u0105 szk\u0142a polaryzacyjne? Szk\u0142a polaryzacyjne zmniejszaj\u0105 odblaski i odbicia. Posiadaj\u0105 one polaryzacyjn\u0105 foli\u0119, kt\u00f3ra w po\u0142\u0105czeniu z kolorowymi szk\u0142ami, wch\u0142ania i redukuje odblaski. Zamawiaj\u0105c okulary z polaryzacj\u0105, dostaniesz je wykonane dok\u0142adnie wed\u0142ug Twoich potrzeb. Nie musisz u\u017cywa\u0107 \u017cadnych filtr\u00f3w zamiennych, clip \u2013 masz dwie funkcje (polaryzacyjny<br><br><a class=\"read-more\" href=\"https:\/\/oko-optyk.pl\/?page_id=4545\">Read more<\/a>","protected":false},"author":2,"featured_media":0,"parent":4478,"menu_order":0,"comment_status":"open","ping_status":"open","template":"","meta":[],"_links":{"self":[{"href":"https:\/\/oko-optyk.pl\/index.php?rest_route=\/wp\/v2\/pages\/4545"}],"collection":[{"href":"https:\/\/oko-optyk.pl\/index.php?rest_route=\/wp\/v2\/pages"}],"about":[{"href":"https:\/\/oko-optyk.pl\/index.php?rest_route=\/wp\/v2\/types\/page"}],"author":[{"embeddable":true,"href":"https:\/\/oko-optyk.pl\/index.php?rest_route=\/wp\/v2\/users\/2"}],"replies":[{"embeddable":true,"href":"https:\/\/oko-optyk.pl\/index.php?rest_route=%2Fwp%2Fv2%2Fcomments&post=4545"}],"version-history":[{"count":11,"href":"https:\/\/oko-optyk.pl\/index.php?rest_route=\/wp\/v2\/pages\/4545\/revisions"}],"predecessor-version":[{"id":4591,"href":"https:\/\/oko-optyk.pl\/index.php?rest_route=\/wp\/v2\/pages\/4545\/revisions\/4591"}],"up":[{"embeddable":true,"href":"https:\/\/oko-optyk.pl\/index.php?rest_route=\/wp\/v2\/pages\/4478"}],"wp:attachment":[{"href":"https:\/\/oko-optyk.pl\/index.php?rest_route=%2Fwp%2Fv2%2Fmedia&parent=4545"}],"curies":[{"name":"wp","href":"https:\/\/api.w.org\/{rel}","templated":true}]}}