{"id":4547,"date":"2014-04-08T19:31:16","date_gmt":"2014-04-08T19:31:16","guid":{"rendered":"http:\/\/server294983.nazwa.pl\/oko-optyk\/?page_id=4547"},"modified":"2015-02-27T07:23:02","modified_gmt":"2015-02-27T07:23:02","slug":"soczewki-fotochromowe","status":"publish","type":"page","link":"https:\/\/oko-optyk.pl\/?page_id=4547","title":{"rendered":"Soczewki fotochromowe"},"content":{"rendered":"<div style=\"background-color: ; background-image: url(https:\/\/oko-optyk.pl\/wp-content\/uploads\/2014\/03\/background-121.jpg);\" class=\"main-row wpb_row vc_row-fluid  full-width    parallax-bg  \">\n\t<div class=\"vc_span6 wpb_column column_container\">\n\t\t<div class=\"wpb_wrapper\">\n\t\t\t\n\t<div class=\"wpb_text_column wpb_content_element \">\n\t\t<div class=\"wpb_wrapper\">\n\t\t\t<p><strong>Okulary korekcyjne i s\u0142oneczne w jednym!<\/strong><\/p>\n<p><strong>Czym si\u0119 wyr\u00f3\u017cniaj\u0105 soczewki fotochromowe?<\/strong><\/p>\n<p>Unikaln\u0105 funkcj\u0105 soczewek fotochromowych jest umiej\u0119tno\u015b\u0107 przyciemnienia si\u0119 na s\u0142o\u0144cu. Plastikowe soczewki pokryte s\u0105 filtrem, kt\u00f3ry automatycznie dostosowuje si\u0119 do r\u00f3\u017cnych warunk\u00f3w \u015bwietlnych. Szk\u0142a reaguj\u0105 i odpowiednio zmieniaj\u0105 si\u0119, w zale\u017cno\u015bci od intensywno\u015bci promieniowania s\u0142onecznego.<\/p>\n<p><strong>Nasze soczewki fotochromowe maj\u0105 nast\u0119puj\u0105ce zalety:<\/strong><\/p>\n<ul>\n<li>Wszystkie zalety wynikaj\u0105ce z okular\u00f3w przeciws\u0142onecznych i korekcyjnych mo\u017cesz wykorzysta\u0107 razem. Teraz ju\u017c nie musisz zmienia\u0107 okular\u00f3w i dostosowywa\u0107 ich do r\u00f3\u017cnych pogodowych, one zrobi\u0105 to za Ciebie!<\/li>\n<li>Je\u015bli nat\u0119\u017cenie \u015bwiat\u0142a jest niskie, jak np. podczas deszczu lub w ciemno\u015bci, skala zabarwienia si\u0119ga 5%. Zwi\u0119kszenie intensywno\u015bci o\u015bwietlenia, np. przy silnym nas\u0142onecznieniu, powoduje przyciemnienie soczewki do 85%.<\/li>\n<li>Ze wzgl\u0119du na nisk\u0105 warto\u015b\u0107 podstawow\u0105 5% zabarwienia soczewki, fotochromy s\u0105 odpowiednie do jazdy za dnia, jak i w nocy.<\/li>\n<li>Za spraw\u0105 automatycznego przystosowania si\u0119 soczewek do warunk\u00f3w o\u015bwietlenia, Twoje oczy zawsze b\u0119d\u0105 doskonale chronione przed promieniowaniem s\u0142onecznym.<\/li>\n<li>Efekt ol\u015bnienia si\u0119 zani\u017ca, dzi\u0119ki temu widzenie b\u0119dzie lepsze.<\/li>\n<\/ul>\n\n\t\t<\/div> \n\t<\/div> \n\t\t<\/div> \n\t<\/div> \n\n\t<div class=\"vc_span6 wpb_column column_container\">\n\t\t<div class=\"wpb_wrapper\">\n\t\t\t\n\t\t<\/div> \n\t<\/div> \n<\/div>\n","protected":false},"excerpt":{"rendered":"Okulary korekcyjne i s\u0142oneczne w jednym! Czym si\u0119 wyr\u00f3\u017cniaj\u0105 soczewki fotochromowe? Unikaln\u0105 funkcj\u0105 soczewek fotochromowych jest umiej\u0119tno\u015b\u0107 przyciemnienia si\u0119 na s\u0142o\u0144cu. Plastikowe soczewki pokryte s\u0105 filtrem, kt\u00f3ry automatycznie dostosowuje si\u0119 do r\u00f3\u017cnych warunk\u00f3w \u015bwietlnych. Szk\u0142a reaguj\u0105 i odpowiednio zmieniaj\u0105 si\u0119, w zale\u017cno\u015bci od intensywno\u015bci promieniowania s\u0142onecznego. Nasze soczewki fotochromowe maj\u0105 nast\u0119puj\u0105ce zalety: Wszystkie zalety wynikaj\u0105ce z okular\u00f3w przeciws\u0142onecznych i korekcyjnych mo\u017cesz wykorzysta\u0107 razem. Teraz ju\u017c nie musisz zmienia\u0107 okular\u00f3w i dostosowywa\u0107 ich do r\u00f3\u017cnych pogodowych, one zrobi\u0105 to za Ciebie! Je\u015bli nat\u0119\u017cenie \u015bwiat\u0142a jest niskie, jak np. podczas deszczu lub w ciemno\u015bci, skala zabarwienia si\u0119ga 5%. Zwi\u0119kszenie intensywno\u015bci o\u015bwietlenia, np. przy silnym nas\u0142onecznieniu, powoduje przyciemnienie soczewki do 85%. Ze wzgl\u0119du na nisk\u0105 warto\u015b\u0107 podstawow\u0105 5% zabarwienia soczewki, fotochromy s\u0105 odpowiednie do jazdy za dnia, jak i w nocy. Za spraw\u0105 automatycznego przystosowania si\u0119 soczewek do warunk\u00f3w o\u015bwietlenia, Twoje oczy zawsze b\u0119d\u0105 doskonale chronione przed promieniowaniem s\u0142onecznym. Efekt ol\u015bnienia si\u0119 zani\u017ca,<br><br><a class=\"read-more\" href=\"https:\/\/oko-optyk.pl\/?page_id=4547\">Read more<\/a>","protected":false},"author":2,"featured_media":0,"parent":4478,"menu_order":0,"comment_status":"open","ping_status":"open","template":"","meta":[],"_links":{"self":[{"href":"https:\/\/oko-optyk.pl\/index.php?rest_route=\/wp\/v2\/pages\/4547"}],"collection":[{"href":"https:\/\/oko-optyk.pl\/index.php?rest_route=\/wp\/v2\/pages"}],"about":[{"href":"https:\/\/oko-optyk.pl\/index.php?rest_route=\/wp\/v2\/types\/page"}],"author":[{"embeddable":true,"href":"https:\/\/oko-optyk.pl\/index.php?rest_route=\/wp\/v2\/users\/2"}],"replies":[{"embeddable":true,"href":"https:\/\/oko-optyk.pl\/index.php?rest_route=%2Fwp%2Fv2%2Fcomments&post=4547"}],"version-history":[{"count":5,"href":"https:\/\/oko-optyk.pl\/index.php?rest_route=\/wp\/v2\/pages\/4547\/revisions"}],"predecessor-version":[{"id":4601,"href":"https:\/\/oko-optyk.pl\/index.php?rest_route=\/wp\/v2\/pages\/4547\/revisions\/4601"}],"up":[{"embeddable":true,"href":"https:\/\/oko-optyk.pl\/index.php?rest_route=\/wp\/v2\/pages\/4478"}],"wp:attachment":[{"href":"https:\/\/oko-optyk.pl\/index.php?rest_route=%2Fwp%2Fv2%2Fmedia&parent=4547"}],"curies":[{"name":"wp","href":"https:\/\/api.w.org\/{rel}","templated":true}]}}