{"id":4570,"date":"2014-04-08T21:53:14","date_gmt":"2014-04-08T21:53:14","guid":{"rendered":"http:\/\/server294983.nazwa.pl\/oko-optyk\/?page_id=4570"},"modified":"2015-02-27T07:23:02","modified_gmt":"2015-02-27T07:23:02","slug":"soczewki-biurowe","status":"publish","type":"page","link":"https:\/\/oko-optyk.pl\/?page_id=4570","title":{"rendered":"Soczewki biurowe!"},"content":{"rendered":"<div style=\"background-color: #ffffff; background-image: url();\" class=\"main-row wpb_row vc_row-fluid  full-width   padding-bottom-0    \">\n\t<div class=\"vc_span12 wpb_column column_container\">\n\t\t<div class=\"wpb_wrapper\">\n\t\t\t\n\t<div class=\"wpb_single_image wpb_content_element vc_align_center\">\n\t\t<div class=\"wpb_wrapper\">\n\t\t\t\n\t\t\t<img src=\"https:\/\/oko-optyk.pl\/wp-content\/uploads\/2014\/04\/oko-sidebar-41.jpg\" width=\"384\" height=\"300\" alt=\"oko-sidebar-4\" \/>\n\t\t<\/div> \n\t<\/div> \n\t\t<\/div> \n\t<\/div> \n<\/div><div style=\"background-color: ; background-image: url();\" class=\"main-row wpb_row vc_row-fluid        \">\n\t<div class=\"vc_span12 wpb_column column_container\">\n\t\t<div class=\"wpb_wrapper\">\n\t\t\t\n\t<div class=\"wpb_text_column wpb_content_element \">\n\t\t<div class=\"wpb_wrapper\">\n\t\t\t<p>Soczewki <b>biurowe<\/b> do bli\u017cy i odleg\u0142o\u015bci po\u015brednich znajduj\u0105 zastosowanie wewn\u0105trz pomieszcze\u0144, oferuj\u0105c wyj\u0105tkowy komfort u\u017cytkowania podczas takich czynno\u015bci jak czytanie, czy praca przy komputerze. Specjalna konstrukcja zapewnia du\u017cy zasi\u0119g i wyj\u0105tkowo szerokie strefy widzenia w bli\u017cy. Soczewki eliminuj\u0105 konieczno\u015b\u0107 cz\u0119stej zmiany pozycji g\u0142owy i chroni\u0105 oczy przed zm\u0119czeniem. Polecane s\u0105 do zaj\u0119\u0107 wymagaj\u0105cych wi\u0119kszego zasi\u0119gu widzenia ni\u017c w tradycyjnych soczewkach do bli\u017cy.<\/p>\n\n\t\t<\/div> \n\t<\/div> \n\t\t<\/div> \n\t<\/div> \n<\/div>\n","protected":false},"excerpt":{"rendered":"Soczewki biurowe do bli\u017cy i odleg\u0142o\u015bci po\u015brednich znajduj\u0105 zastosowanie wewn\u0105trz pomieszcze\u0144, oferuj\u0105c wyj\u0105tkowy komfort u\u017cytkowania podczas takich czynno\u015bci jak czytanie, czy praca przy komputerze. Specjalna konstrukcja zapewnia du\u017cy zasi\u0119g i wyj\u0105tkowo szerokie strefy widzenia w bli\u017cy. Soczewki eliminuj\u0105 konieczno\u015b\u0107 cz\u0119stej zmiany pozycji g\u0142owy i chroni\u0105 oczy przed zm\u0119czeniem. Polecane s\u0105 do zaj\u0119\u0107 wymagaj\u0105cych wi\u0119kszego zasi\u0119gu widzenia ni\u017c w tradycyjnych soczewkach do bli\u017cy.","protected":false},"author":2,"featured_media":0,"parent":4478,"menu_order":0,"comment_status":"open","ping_status":"open","template":"","meta":[],"_links":{"self":[{"href":"https:\/\/oko-optyk.pl\/index.php?rest_route=\/wp\/v2\/pages\/4570"}],"collection":[{"href":"https:\/\/oko-optyk.pl\/index.php?rest_route=\/wp\/v2\/pages"}],"about":[{"href":"https:\/\/oko-optyk.pl\/index.php?rest_route=\/wp\/v2\/types\/page"}],"author":[{"embeddable":true,"href":"https:\/\/oko-optyk.pl\/index.php?rest_route=\/wp\/v2\/users\/2"}],"replies":[{"embeddable":true,"href":"https:\/\/oko-optyk.pl\/index.php?rest_route=%2Fwp%2Fv2%2Fcomments&post=4570"}],"version-history":[{"count":3,"href":"https:\/\/oko-optyk.pl\/index.php?rest_route=\/wp\/v2\/pages\/4570\/revisions"}],"predecessor-version":[{"id":4576,"href":"https:\/\/oko-optyk.pl\/index.php?rest_route=\/wp\/v2\/pages\/4570\/revisions\/4576"}],"up":[{"embeddable":true,"href":"https:\/\/oko-optyk.pl\/index.php?rest_route=\/wp\/v2\/pages\/4478"}],"wp:attachment":[{"href":"https:\/\/oko-optyk.pl\/index.php?rest_route=%2Fwp%2Fv2%2Fmedia&parent=4570"}],"curies":[{"name":"wp","href":"https:\/\/api.w.org\/{rel}","templated":true}]}}