{"id":4681,"date":"2015-10-12T11:22:39","date_gmt":"2015-10-12T11:22:39","guid":{"rendered":"http:\/\/server294983.nazwa.pl\/oko-optyk\/?page_id=4681"},"modified":"2015-10-13T10:28:20","modified_gmt":"2015-10-13T10:28:20","slug":"cennik","status":"publish","type":"page","link":"https:\/\/oko-optyk.pl\/?page_id=4681","title":{"rendered":"CENNIK"},"content":{"rendered":"<div style=\"background-color: ; background-image: url();\" class=\"main-row wpb_row vc_row-fluid        \">\n\t<div class=\"vc_span12 wpb_column column_container\">\n\t\t<div class=\"wpb_wrapper\">\n\t\t\t\n\t<div class=\"wpb_text_column wpb_content_element \">\n\t\t<div class=\"wpb_wrapper\">\n\t\t\t<p>Oprawy okularowe plastikowe od 39 z\u0142<\/p>\n<hr \/>\n<h2 id=\"tablepress-2-name\" class=\"tablepress-table-name tablepress-table-name-id-2\">Ceny opraw:<\/h2>\n\n<table id=\"tablepress-2\" class=\"tablepress tablepress-id-2\" aria-labelledby=\"tablepress-2-name\" aria-describedby=\"tablepress-2-description\">\n<tbody class=\"row-hover\">\n<tr class=\"row-1 odd\">\n\t<td class=\"column-1\">Francis Gattel<\/td><td class=\"column-2\">120 z\u0142<\/td>\n<\/tr>\n<tr class=\"row-2 even\">\n\t<td class=\"column-1\">Belutti<\/td><td class=\"column-2\">190-220 z\u0142<\/td>\n<\/tr>\n<tr class=\"row-3 odd\">\n\t<td class=\"column-1\">Tonny<\/td><td class=\"column-2\">220-260 z\u0142<\/td>\n<\/tr>\n<tr class=\"row-4 even\">\n\t<td class=\"column-1\">Id Tokio<\/td><td class=\"column-2\">od 300 z\u0142<\/td>\n<\/tr>\n<\/tbody>\n<\/table>\n<span id=\"tablepress-2-description\" class=\"tablepress-table-description tablepress-table-description-id-2\"><\/span>\n<!-- #tablepress-2 from cache -->\n<h2 id=\"tablepress-1-name\" class=\"tablepress-table-name tablepress-table-name-id-1\">Przyk\u0142adowe ceny soczewek korekcyjnych dost\u0119pne w naszych salonach<\/h2>\n\n<table id=\"tablepress-1\" class=\"tablepress tablepress-id-1\" aria-labelledby=\"tablepress-1-name\">\n<thead>\n<tr class=\"row-1 odd\">\n\t<th class=\"column-1\">INDEX<\/th><th class=\"column-2\">MOCE<\/th><th class=\"column-3\">USZLACHETNIENIE  <\/th><th class=\"column-4\">CENA ZA PAR\u0118<\/th>\n<\/tr>\n<\/thead>\n<tbody class=\"row-hover\">\n<tr class=\"row-2 even\">\n\t<td class=\"column-1\">1.50<br \/>\nstandard<\/td><td class=\"column-2\"> sph -6 do +6 <\/td><td class=\"column-3\">antyrefleks<br \/>\nutwardzenie<\/td><td class=\"column-4\"> od 120 z\u0142<\/td>\n<\/tr>\n<tr class=\"row-3 odd\">\n\t<td class=\"column-1\">1.60<br \/>\n30 % cie\u0144sze od standard<\/td><td class=\"column-2\">sph -8 do + 4  <\/td><td class=\"column-3\">antyrefleks<br \/>\nutwardzenie<\/td><td class=\"column-4\">od 210 z\u0142<\/td>\n<\/tr>\n<tr class=\"row-4 even\">\n\t<td class=\"column-1\">1.67<br \/>\ncie\u0144kie<\/td><td class=\"column-2\">sph -2 do -10 <\/td><td class=\"column-3\">antyrefleks<br \/>\nutwardzenie<\/td><td class=\"column-4\">  od 310 z\u0142<\/td>\n<\/tr>\n<\/tbody>\n<\/table>\n<!-- #tablepress-1 from cache -->\n\n\t\t<\/div> \n\t<\/div> \n\t\t<\/div> \n\t<\/div> \n<\/div>\n","protected":false},"excerpt":{"rendered":"Oprawy okularowe plastikowe od 39 z\u0142 Ceny opraw: Francis Gattel120 z\u0142 Belutti190-220 z\u0142 Tonny220-260 z\u0142 Id Tokiood 300 z\u0142 Przyk\u0142adowe ceny soczewek korekcyjnych dost\u0119pne w naszych salonach INDEXMOCEUSZLACHETNIENIE CENA ZA PAR\u0118 1.50 standard sph -6 do +6 antyrefleks utwardzenie od 120 z\u0142 1.60 30 % cie\u0144sze od standardsph -8 do + 4 antyrefleks utwardzenieod 210 z\u0142 1.67 cie\u0144kiesph -2 do -10 antyrefleks utwardzenie od 310 z\u0142","protected":false},"author":3,"featured_media":0,"parent":0,"menu_order":0,"comment_status":"closed","ping_status":"closed","template":"","meta":[],"_links":{"self":[{"href":"https:\/\/oko-optyk.pl\/index.php?rest_route=\/wp\/v2\/pages\/4681"}],"collection":[{"href":"https:\/\/oko-optyk.pl\/index.php?rest_route=\/wp\/v2\/pages"}],"about":[{"href":"https:\/\/oko-optyk.pl\/index.php?rest_route=\/wp\/v2\/types\/page"}],"author":[{"embeddable":true,"href":"https:\/\/oko-optyk.pl\/index.php?rest_route=\/wp\/v2\/users\/3"}],"replies":[{"embeddable":true,"href":"https:\/\/oko-optyk.pl\/index.php?rest_route=%2Fwp%2Fv2%2Fcomments&post=4681"}],"version-history":[{"count":16,"href":"https:\/\/oko-optyk.pl\/index.php?rest_route=\/wp\/v2\/pages\/4681\/revisions"}],"predecessor-version":[{"id":4708,"href":"https:\/\/oko-optyk.pl\/index.php?rest_route=\/wp\/v2\/pages\/4681\/revisions\/4708"}],"wp:attachment":[{"href":"https:\/\/oko-optyk.pl\/index.php?rest_route=%2Fwp%2Fv2%2Fmedia&parent=4681"}],"curies":[{"name":"wp","href":"https:\/\/api.w.org\/{rel}","templated":true}]}}